{"id":701,"date":"2026-05-13T03:28:45","date_gmt":"2026-05-13T03:28:45","guid":{"rendered":"https:\/\/conapas.cl\/?page_id=701"},"modified":"2026-05-13T00:56:57","modified_gmt":"2026-05-13T04:56:57","slug":"noticias-conapas","status":"publish","type":"page","link":"https:\/\/conapas.cl\/?page_id=701","title":{"rendered":"NOTICIAS CONAPAS"},"content":{"rendered":"\t\t<div data-elementor-type=\"wp-page\" data-elementor-id=\"701\" class=\"elementor elementor-701\" data-elementor-post-type=\"page\">\n\t\t\t\t\t\t<section class=\"elementor-section elementor-top-section elementor-element elementor-element-56550b0 elementor-section-full_width elementor-section-height-default elementor-section-height-default\" data-id=\"56550b0\" data-element_type=\"section\" data-e-type=\"section\">\n\t\t\t\t\t\t<div class=\"elementor-container elementor-column-gap-default\">\n\t\t\t\t\t<div class=\"elementor-column elementor-col-100 elementor-top-column elementor-element elementor-element-0b6ec04\" data-id=\"0b6ec04\" data-element_type=\"column\" data-e-type=\"column\">\n\t\t\t<div class=\"elementor-widget-wrap elementor-element-populated\">\n\t\t\t\t\t\t<div class=\"elementor-element elementor-element-a169b18 elementor-widget elementor-widget-spacer\" data-id=\"a169b18\" data-element_type=\"widget\" data-e-type=\"widget\" data-widget_type=\"spacer.default\">\n\t\t\t\t<div class=\"elementor-widget-container\">\n\t\t\t\t\t\t\t<div class=\"elementor-spacer\">\n\t\t\t<div class=\"elementor-spacer-inner\"><\/div>\n\t\t<\/div>\n\t\t\t\t\t\t<\/div>\n\t\t\t\t<\/div>\n\t\t\t\t<div class=\"elementor-element elementor-element-59ac7e8 elementor-posts--align-center elementor-grid-3 elementor-grid-tablet-2 elementor-grid-mobile-1 elementor-posts--thumbnail-top elementor-card-shadow-yes elementor-posts__hover-gradient elementor-widget elementor-widget-posts\" data-id=\"59ac7e8\" data-element_type=\"widget\" data-e-type=\"widget\" data-settings=\"{&quot;pagination_type&quot;:&quot;load_more_infinite_scroll&quot;,&quot;cards_columns&quot;:&quot;3&quot;,&quot;cards_columns_tablet&quot;:&quot;2&quot;,&quot;cards_columns_mobile&quot;:&quot;1&quot;,&quot;cards_row_gap&quot;:{&quot;unit&quot;:&quot;px&quot;,&quot;size&quot;:35,&quot;sizes&quot;:[]},&quot;cards_row_gap_tablet&quot;:{&quot;unit&quot;:&quot;px&quot;,&quot;size&quot;:&quot;&quot;,&quot;sizes&quot;:[]},&quot;cards_row_gap_mobile&quot;:{&quot;unit&quot;:&quot;px&quot;,&quot;size&quot;:&quot;&quot;,&quot;sizes&quot;:[]},&quot;load_more_spinner&quot;:{&quot;value&quot;:&quot;fas fa-spinner&quot;,&quot;library&quot;:&quot;fa-solid&quot;}}\" data-widget_type=\"posts.cards\">\n\t\t\t\t<div class=\"elementor-widget-container\">\n\t\t\t\t\t\t\t<div class=\"elementor-posts-container elementor-posts elementor-posts--skin-cards elementor-grid\" role=\"list\">\n\t\t\t\t<article class=\"elementor-post elementor-grid-item post-640 post type-post status-publish format-standard has-post-thumbnail hentry category-noticias\" role=\"listitem\">\n\t\t\t<div class=\"elementor-post__card\">\n\t\t\t\t<a class=\"elementor-post__thumbnail__link\" href=\"https:\/\/conapas.cl\/?p=640\" tabindex=\"-1\" target=\"_blank\"><div class=\"elementor-post__thumbnail\"><img fetchpriority=\"high\" decoding=\"async\" width=\"2560\" height=\"1920\" src=\"https:\/\/conapas.cl\/wp-content\/uploads\/2025\/06\/HALL-scaled.jpg\" class=\"attachment-full size-full wp-image-643\" alt=\"\" srcset=\"https:\/\/conapas.cl\/wp-content\/uploads\/2025\/06\/HALL-scaled.jpg 2560w, https:\/\/conapas.cl\/wp-content\/uploads\/2025\/06\/HALL-300x225.jpg 300w, https:\/\/conapas.cl\/wp-content\/uploads\/2025\/06\/HALL-1024x768.jpg 1024w, https:\/\/conapas.cl\/wp-content\/uploads\/2025\/06\/HALL-768x576.jpg 768w, https:\/\/conapas.cl\/wp-content\/uploads\/2025\/06\/HALL-1536x1152.jpg 1536w, https:\/\/conapas.cl\/wp-content\/uploads\/2025\/06\/HALL-2048x1536.jpg 2048w, https:\/\/conapas.cl\/wp-content\/uploads\/2025\/06\/HALL-195x146.jpg 195w, https:\/\/conapas.cl\/wp-content\/uploads\/2025\/06\/HALL-50x38.jpg 50w, https:\/\/conapas.cl\/wp-content\/uploads\/2025\/06\/HALL-100x75.jpg 100w\" sizes=\"(max-width: 2560px) 100vw, 2560px\" \/><\/div><\/a>\n\t\t\t\t<div class=\"elementor-post__badge\">Noticias<\/div>\n\t\t\t\t<div class=\"elementor-post__text\">\n\t\t\t\t<h3 class=\"elementor-post__title\">\n\t\t\t<a href=\"https:\/\/conapas.cl\/?p=640\" target=&quot;_blank&quot;>\n\t\t\t\tDiputado Jorge Guzm\u00e1n se compromete a apoyar urgencia de sostenedores ante exigencia de compra de inmuebles escolares.\t\t\t<\/a>\n\t\t<\/h3>\n\t\t\t\t<div class=\"elementor-post__excerpt\">\n\t\t\t<p>Talca, el pasado 6 de junio, en una reuni\u00f3n clave sostenida con el diputado Jorge Guzm\u00e1n Zepeda, representantes de colegios particulares subvencionados expusieron la cr\u00edtica situaci\u00f3n que enfrentan cientos de<\/p>\n\t\t<\/div>\n\t\t\n\t\t<a class=\"elementor-post__read-more\" href=\"https:\/\/conapas.cl\/?p=640\" aria-label=\"M\u00e1s informaci\u00f3n sobre Diputado Jorge Guzm\u00e1n se compromete a apoyar urgencia de sostenedores ante exigencia de compra de inmuebles escolares.\" tabindex=\"-1\" target=\"_blank\">\n\t\t\tLeer m\u00e1s \u00bb\t\t<\/a>\n\n\t\t\t\t<\/div>\n\t\t\t\t<div class=\"elementor-post__meta-data\">\n\t\t\t\t\t<span class=\"elementor-post-author\">\n\t\t\tadministrador\t\t<\/span>\n\t\t\t\t<span class=\"elementor-post-date\">\n\t\t\t10 de junio de 2025\t\t<\/span>\n\t\t\t\t<span class=\"elementor-post-time\">\n\t\t\t12:33 pm\t\t<\/span>\n\t\t\t\t<\/div>\n\t\t\t\t\t<\/div>\n\t\t<\/article>\n\t\t\t\t<article class=\"elementor-post elementor-grid-item post-635 post type-post status-publish format-standard has-post-thumbnail hentry category-noticias\" role=\"listitem\">\n\t\t\t<div class=\"elementor-post__card\">\n\t\t\t\t<a class=\"elementor-post__thumbnail__link\" href=\"https:\/\/conapas.cl\/?p=635\" tabindex=\"-1\" target=\"_blank\"><div class=\"elementor-post__thumbnail\"><img decoding=\"async\" width=\"1280\" height=\"960\" src=\"https:\/\/conapas.cl\/wp-content\/uploads\/2023\/11\/Imagen-de-WhatsApp-2023-11-21-a-las-16.23.57_c1139bda.jpg\" class=\"attachment-full size-full wp-image-636\" alt=\"\" srcset=\"https:\/\/conapas.cl\/wp-content\/uploads\/2023\/11\/Imagen-de-WhatsApp-2023-11-21-a-las-16.23.57_c1139bda.jpg 1280w, https:\/\/conapas.cl\/wp-content\/uploads\/2023\/11\/Imagen-de-WhatsApp-2023-11-21-a-las-16.23.57_c1139bda-300x225.jpg 300w, https:\/\/conapas.cl\/wp-content\/uploads\/2023\/11\/Imagen-de-WhatsApp-2023-11-21-a-las-16.23.57_c1139bda-1024x768.jpg 1024w, https:\/\/conapas.cl\/wp-content\/uploads\/2023\/11\/Imagen-de-WhatsApp-2023-11-21-a-las-16.23.57_c1139bda-768x576.jpg 768w, https:\/\/conapas.cl\/wp-content\/uploads\/2023\/11\/Imagen-de-WhatsApp-2023-11-21-a-las-16.23.57_c1139bda-195x146.jpg 195w, https:\/\/conapas.cl\/wp-content\/uploads\/2023\/11\/Imagen-de-WhatsApp-2023-11-21-a-las-16.23.57_c1139bda-50x38.jpg 50w, https:\/\/conapas.cl\/wp-content\/uploads\/2023\/11\/Imagen-de-WhatsApp-2023-11-21-a-las-16.23.57_c1139bda-100x75.jpg 100w\" sizes=\"(max-width: 1280px) 100vw, 1280px\" \/><\/div><\/a>\n\t\t\t\t<div class=\"elementor-post__badge\">Noticias<\/div>\n\t\t\t\t<div class=\"elementor-post__text\">\n\t\t\t\t<h3 class=\"elementor-post__title\">\n\t\t\t<a href=\"https:\/\/conapas.cl\/?p=635\" target=&quot;_blank&quot;>\n\t\t\t\tCONAPAS se re\u00fane con el Presidente de la Comisi\u00f3n de Educaci\u00f3n\u00a0del\u00a0Senado\t\t\t<\/a>\n\t\t<\/h3>\n\t\t\t\t<div class=\"elementor-post__excerpt\">\n\t\t\t<p>El Presidente de CONAPAS, Sr. Jos\u00e9 Valdivieso, junto a su directiva, Andr\u00e9s Carter de la Redcol Biobio y Rodolfo Orrego de Redco V Regi\u00f3n, se reunieron este lunes 20 de<\/p>\n\t\t<\/div>\n\t\t\n\t\t<a class=\"elementor-post__read-more\" href=\"https:\/\/conapas.cl\/?p=635\" aria-label=\"M\u00e1s informaci\u00f3n sobre CONAPAS se re\u00fane con el Presidente de la Comisi\u00f3n de Educaci\u00f3n\u00a0del\u00a0Senado\" tabindex=\"-1\" target=\"_blank\">\n\t\t\tLeer m\u00e1s \u00bb\t\t<\/a>\n\n\t\t\t\t<\/div>\n\t\t\t\t<div class=\"elementor-post__meta-data\">\n\t\t\t\t\t<span class=\"elementor-post-author\">\n\t\t\tadministrador\t\t<\/span>\n\t\t\t\t<span class=\"elementor-post-date\">\n\t\t\t20 de noviembre de 2023\t\t<\/span>\n\t\t\t\t<span class=\"elementor-post-time\">\n\t\t\t12:00 pm\t\t<\/span>\n\t\t\t\t<\/div>\n\t\t\t\t\t<\/div>\n\t\t<\/article>\n\t\t\t\t<article class=\"elementor-post elementor-grid-item post-627 post type-post status-publish format-standard has-post-thumbnail hentry category-noticias\" role=\"listitem\">\n\t\t\t<div class=\"elementor-post__card\">\n\t\t\t\t<a class=\"elementor-post__thumbnail__link\" href=\"https:\/\/conapas.cl\/?p=627\" tabindex=\"-1\" target=\"_blank\"><div class=\"elementor-post__thumbnail\"><img decoding=\"async\" width=\"1200\" height=\"1600\" src=\"https:\/\/conapas.cl\/wp-content\/uploads\/2023\/04\/WhatsApp-Image-2023-04-10-at-09.44.08.jpeg\" class=\"attachment-full size-full wp-image-628\" alt=\"\" srcset=\"https:\/\/conapas.cl\/wp-content\/uploads\/2023\/04\/WhatsApp-Image-2023-04-10-at-09.44.08.jpeg 1200w, https:\/\/conapas.cl\/wp-content\/uploads\/2023\/04\/WhatsApp-Image-2023-04-10-at-09.44.08-225x300.jpeg 225w, https:\/\/conapas.cl\/wp-content\/uploads\/2023\/04\/WhatsApp-Image-2023-04-10-at-09.44.08-768x1024.jpeg 768w, https:\/\/conapas.cl\/wp-content\/uploads\/2023\/04\/WhatsApp-Image-2023-04-10-at-09.44.08-1152x1536.jpeg 1152w, https:\/\/conapas.cl\/wp-content\/uploads\/2023\/04\/WhatsApp-Image-2023-04-10-at-09.44.08-110x146.jpeg 110w, https:\/\/conapas.cl\/wp-content\/uploads\/2023\/04\/WhatsApp-Image-2023-04-10-at-09.44.08-38x50.jpeg 38w, https:\/\/conapas.cl\/wp-content\/uploads\/2023\/04\/WhatsApp-Image-2023-04-10-at-09.44.08-56x75.jpeg 56w\" sizes=\"(max-width: 1200px) 100vw, 1200px\" \/><\/div><\/a>\n\t\t\t\t<div class=\"elementor-post__badge\">Noticias<\/div>\n\t\t\t\t<div class=\"elementor-post__text\">\n\t\t\t\t<h3 class=\"elementor-post__title\">\n\t\t\t<a href=\"https:\/\/conapas.cl\/?p=627\" target=&quot;_blank&quot;>\n\t\t\t\tPresidente de CONAPAS se re\u00fane con el Ministro de Educaci\u00f3n don Marco \u00c1vila.\t\t\t<\/a>\n\t\t<\/h3>\n\t\t\t\t<div class=\"elementor-post__excerpt\">\n\t\t\t<p>Presidente de CONAPAS, Don Jos\u00e9 Valdivieso, se reuni\u00f3 a principio de a\u00f1o con el Ministro de Educaci\u00f3n, Don Marco \u00c1vila, donde abordaron diversos temas, entre los cuales destacaron las fechas<\/p>\n\t\t<\/div>\n\t\t\n\t\t<a class=\"elementor-post__read-more\" href=\"https:\/\/conapas.cl\/?p=627\" aria-label=\"M\u00e1s informaci\u00f3n sobre Presidente de CONAPAS se re\u00fane con el Ministro de Educaci\u00f3n don Marco \u00c1vila.\" tabindex=\"-1\" target=\"_blank\">\n\t\t\tLeer m\u00e1s \u00bb\t\t<\/a>\n\n\t\t\t\t<\/div>\n\t\t\t\t<div class=\"elementor-post__meta-data\">\n\t\t\t\t\t<span class=\"elementor-post-author\">\n\t\t\tadministrador\t\t<\/span>\n\t\t\t\t<span class=\"elementor-post-date\">\n\t\t\t4 de enero de 2023\t\t<\/span>\n\t\t\t\t<span class=\"elementor-post-time\">\n\t\t\t12:46 pm\t\t<\/span>\n\t\t\t\t<\/div>\n\t\t\t\t\t<\/div>\n\t\t<\/article>\n\t\t\t\t<article class=\"elementor-post elementor-grid-item post-631 post type-post status-publish format-standard has-post-thumbnail hentry category-noticias\" role=\"listitem\">\n\t\t\t<div class=\"elementor-post__card\">\n\t\t\t\t<a class=\"elementor-post__thumbnail__link\" href=\"https:\/\/conapas.cl\/?p=631\" tabindex=\"-1\" target=\"_blank\"><div class=\"elementor-post__thumbnail\"><img loading=\"lazy\" decoding=\"async\" width=\"900\" height=\"1272\" src=\"https:\/\/conapas.cl\/wp-content\/uploads\/2023\/04\/WhatsApp-Image-2023-04-10-at-10.02.17-e1778686158740.jpeg\" class=\"attachment-full size-full wp-image-632\" alt=\"\" srcset=\"https:\/\/conapas.cl\/wp-content\/uploads\/2023\/04\/WhatsApp-Image-2023-04-10-at-10.02.17-e1778686158740.jpeg 900w, https:\/\/conapas.cl\/wp-content\/uploads\/2023\/04\/WhatsApp-Image-2023-04-10-at-10.02.17-e1778686158740-212x300.jpeg 212w, https:\/\/conapas.cl\/wp-content\/uploads\/2023\/04\/WhatsApp-Image-2023-04-10-at-10.02.17-e1778686158740-725x1024.jpeg 725w, https:\/\/conapas.cl\/wp-content\/uploads\/2023\/04\/WhatsApp-Image-2023-04-10-at-10.02.17-e1778686158740-768x1085.jpeg 768w\" sizes=\"(max-width: 900px) 100vw, 900px\" \/><\/div><\/a>\n\t\t\t\t<div class=\"elementor-post__badge\">Noticias<\/div>\n\t\t\t\t<div class=\"elementor-post__text\">\n\t\t\t\t<h3 class=\"elementor-post__title\">\n\t\t\t<a href=\"https:\/\/conapas.cl\/?p=631\" target=&quot;_blank&quot;>\n\t\t\t\tPresidente de CONAPAS es invitado a la Comisi\u00f3n de Educaci\u00f3n del Senado, para hablar sobre plazos, compras y arriendos de los Inmuebles Educacionales.\t\t\t<\/a>\n\t\t<\/h3>\n\t\t\t\t<div class=\"elementor-post__excerpt\">\n\t\t\t<p>Presidente de CONAPAS, expone ante la Comisi\u00f3n de Educaci\u00f3n del Senado, sobre las fechas y plazos que nos impone la ley para la compra o arriendo de la infraestructura educacional<\/p>\n\t\t<\/div>\n\t\t\n\t\t<a class=\"elementor-post__read-more\" href=\"https:\/\/conapas.cl\/?p=631\" aria-label=\"M\u00e1s informaci\u00f3n sobre Presidente de CONAPAS es invitado a la Comisi\u00f3n de Educaci\u00f3n del Senado, para hablar sobre plazos, compras y arriendos de los Inmuebles Educacionales.\" tabindex=\"-1\" target=\"_blank\">\n\t\t\tLeer m\u00e1s \u00bb\t\t<\/a>\n\n\t\t\t\t<\/div>\n\t\t\t\t<div class=\"elementor-post__meta-data\">\n\t\t\t\t\t<span class=\"elementor-post-author\">\n\t\t\tadministrador\t\t<\/span>\n\t\t\t\t<span class=\"elementor-post-date\">\n\t\t\t16 de noviembre de 2022\t\t<\/span>\n\t\t\t\t<span class=\"elementor-post-time\">\n\t\t\t3:49 pm\t\t<\/span>\n\t\t\t\t<\/div>\n\t\t\t\t\t<\/div>\n\t\t<\/article>\n\t\t\t\t<article class=\"elementor-post elementor-grid-item post-568 post type-post status-publish format-standard has-post-thumbnail hentry category-noticias\" role=\"listitem\">\n\t\t\t<div class=\"elementor-post__card\">\n\t\t\t\t<a class=\"elementor-post__thumbnail__link\" href=\"https:\/\/conapas.cl\/?p=568\" tabindex=\"-1\" target=\"_blank\"><div class=\"elementor-post__thumbnail\"><img loading=\"lazy\" decoding=\"async\" width=\"1360\" height=\"743\" src=\"https:\/\/conapas.cl\/wp-content\/uploads\/2022\/02\/Noticia.jpg\" class=\"attachment-full size-full wp-image-569\" alt=\"\" srcset=\"https:\/\/conapas.cl\/wp-content\/uploads\/2022\/02\/Noticia.jpg 1360w, https:\/\/conapas.cl\/wp-content\/uploads\/2022\/02\/Noticia-300x164.jpg 300w, https:\/\/conapas.cl\/wp-content\/uploads\/2022\/02\/Noticia-1024x559.jpg 1024w, https:\/\/conapas.cl\/wp-content\/uploads\/2022\/02\/Noticia-768x420.jpg 768w, https:\/\/conapas.cl\/wp-content\/uploads\/2022\/02\/Noticia-260x142.jpg 260w, https:\/\/conapas.cl\/wp-content\/uploads\/2022\/02\/Noticia-50x27.jpg 50w, https:\/\/conapas.cl\/wp-content\/uploads\/2022\/02\/Noticia-137x75.jpg 137w\" sizes=\"(max-width: 1360px) 100vw, 1360px\" \/><\/div><\/a>\n\t\t\t\t<div class=\"elementor-post__badge\">Noticias<\/div>\n\t\t\t\t<div class=\"elementor-post__text\">\n\t\t\t\t<h3 class=\"elementor-post__title\">\n\t\t\t<a href=\"https:\/\/conapas.cl\/?p=568\" target=&quot;_blank&quot;>\n\t\t\t\tPresidente de CONAPAS sobre dichos del futuro Ministro de Educaci\u00f3n, sobre la vuelta a clases 2022\t\t\t<\/a>\n\t\t<\/h3>\n\t\t\t\t<div class=\"elementor-post__excerpt\">\n\t\t\t\t\t<\/div>\n\t\t\n\t\t<a class=\"elementor-post__read-more\" href=\"https:\/\/conapas.cl\/?p=568\" aria-label=\"M\u00e1s informaci\u00f3n sobre Presidente de CONAPAS sobre dichos del futuro Ministro de Educaci\u00f3n, sobre la vuelta a clases 2022\" tabindex=\"-1\" target=\"_blank\">\n\t\t\tLeer m\u00e1s \u00bb\t\t<\/a>\n\n\t\t\t\t<\/div>\n\t\t\t\t<div class=\"elementor-post__meta-data\">\n\t\t\t\t\t<span class=\"elementor-post-author\">\n\t\t\tadministrador\t\t<\/span>\n\t\t\t\t<span class=\"elementor-post-date\">\n\t\t\t29 de enero de 2022\t\t<\/span>\n\t\t\t\t<span class=\"elementor-post-time\">\n\t\t\t5:38 pm\t\t<\/span>\n\t\t\t\t<\/div>\n\t\t\t\t\t<\/div>\n\t\t<\/article>\n\t\t\t\t<article class=\"elementor-post elementor-grid-item post-562 post type-post status-publish format-standard has-post-thumbnail hentry category-noticias\" role=\"listitem\">\n\t\t\t<div class=\"elementor-post__card\">\n\t\t\t\t<a class=\"elementor-post__thumbnail__link\" href=\"https:\/\/conapas.cl\/?p=562\" tabindex=\"-1\" target=\"_blank\"><div class=\"elementor-post__thumbnail\"><img loading=\"lazy\" decoding=\"async\" width=\"811\" height=\"1024\" src=\"https:\/\/conapas.cl\/wp-content\/uploads\/2022\/01\/WhatsApp-Image-2022-01-29-at-13.27.18.jpeg\" class=\"attachment-full size-full wp-image-567\" alt=\"\" srcset=\"https:\/\/conapas.cl\/wp-content\/uploads\/2022\/01\/WhatsApp-Image-2022-01-29-at-13.27.18.jpeg 811w, https:\/\/conapas.cl\/wp-content\/uploads\/2022\/01\/WhatsApp-Image-2022-01-29-at-13.27.18-238x300.jpeg 238w, https:\/\/conapas.cl\/wp-content\/uploads\/2022\/01\/WhatsApp-Image-2022-01-29-at-13.27.18-768x970.jpeg 768w, https:\/\/conapas.cl\/wp-content\/uploads\/2022\/01\/WhatsApp-Image-2022-01-29-at-13.27.18-116x146.jpeg 116w, https:\/\/conapas.cl\/wp-content\/uploads\/2022\/01\/WhatsApp-Image-2022-01-29-at-13.27.18-40x50.jpeg 40w, https:\/\/conapas.cl\/wp-content\/uploads\/2022\/01\/WhatsApp-Image-2022-01-29-at-13.27.18-59x75.jpeg 59w\" sizes=\"(max-width: 811px) 100vw, 811px\" \/><\/div><\/a>\n\t\t\t\t<div class=\"elementor-post__badge\">Noticias<\/div>\n\t\t\t\t<div class=\"elementor-post__text\">\n\t\t\t\t<h3 class=\"elementor-post__title\">\n\t\t\t<a href=\"https:\/\/conapas.cl\/?p=562\" target=&quot;_blank&quot;>\n\t\t\t\tPreparan nuevos protocolos sanitarios para retorno a clases presenciales en marzo\t\t\t<\/a>\n\t\t<\/h3>\n\t\t\t\t<div class=\"elementor-post__excerpt\">\n\t\t\t\t\t<\/div>\n\t\t\n\t\t<a class=\"elementor-post__read-more\" href=\"https:\/\/conapas.cl\/?p=562\" aria-label=\"M\u00e1s informaci\u00f3n sobre Preparan nuevos protocolos sanitarios para retorno a clases presenciales en marzo\" tabindex=\"-1\" target=\"_blank\">\n\t\t\tLeer m\u00e1s \u00bb\t\t<\/a>\n\n\t\t\t\t<\/div>\n\t\t\t\t<div class=\"elementor-post__meta-data\">\n\t\t\t\t\t<span class=\"elementor-post-author\">\n\t\t\tadministrador\t\t<\/span>\n\t\t\t\t<span class=\"elementor-post-date\">\n\t\t\t26 de enero de 2022\t\t<\/span>\n\t\t\t\t<span class=\"elementor-post-time\">\n\t\t\t4:02 pm\t\t<\/span>\n\t\t\t\t<\/div>\n\t\t\t\t\t<\/div>\n\t\t<\/article>\n\t\t\t\t<\/div>\n\t\t\t\t\t<span class=\"e-load-more-spinner\">\n\t\t\t\t<i aria-hidden=\"true\" class=\"fas fa-spinner\"><\/i>\t\t\t<\/span>\n\t\t\n\t\t\t\t<div class=\"e-load-more-anchor\" data-page=\"1\" data-max-page=\"3\" data-next-page=\"https:\/\/conapas.cl\/index.php?rest_route=%2Fwp%2Fv2%2Fpages%2F701&#038;paged=2\"><\/div>\n\t\t\t\t<div class=\"e-load-more-message\"><\/div>\n\t\t\t\t\t\t<\/div>\n\t\t\t\t<\/div>\n\t\t\t\t\t<\/div>\n\t\t<\/div>\n\t\t\t\t\t<\/div>\n\t\t<\/section>\n\t\t\t\t<section class=\"elementor-section elementor-top-section elementor-element elementor-element-b04b568 elementor-section-full_width elementor-section-height-default elementor-section-height-default\" data-id=\"b04b568\" data-element_type=\"section\" data-e-type=\"section\">\n\t\t\t\t\t\t<div class=\"elementor-container elementor-column-gap-default\">\n\t\t\t\t\t<div class=\"elementor-column elementor-col-100 elementor-top-column elementor-element elementor-element-75fa753\" data-id=\"75fa753\" data-element_type=\"column\" data-e-type=\"column\">\n\t\t\t<div class=\"elementor-widget-wrap elementor-element-populated\">\n\t\t\t\t\t\t<div class=\"elementor-element elementor-element-99a87ce elementor-widget elementor-widget-spacer\" data-id=\"99a87ce\" data-element_type=\"widget\" data-e-type=\"widget\" data-widget_type=\"spacer.default\">\n\t\t\t\t<div class=\"elementor-widget-container\">\n\t\t\t\t\t\t\t<div class=\"elementor-spacer\">\n\t\t\t<div class=\"elementor-spacer-inner\"><\/div>\n\t\t<\/div>\n\t\t\t\t\t\t<\/div>\n\t\t\t\t<\/div>\n\t\t\t\t\t<\/div>\n\t\t<\/div>\n\t\t\t\t\t<\/div>\n\t\t<\/section>\n\t\t\t\t<\/div>\n\t\t","protected":false},"excerpt":{"rendered":"","protected":false},"author":1,"featured_media":0,"parent":0,"menu_order":0,"comment_status":"closed","ping_status":"closed","template":"","meta":{"footnotes":""},"class_list":["post-701","page","type-page","status-publish","hentry"],"_links":{"self":[{"href":"https:\/\/conapas.cl\/index.php?rest_route=\/wp\/v2\/pages\/701","targetHints":{"allow":["GET"]}}],"collection":[{"href":"https:\/\/conapas.cl\/index.php?rest_route=\/wp\/v2\/pages"}],"about":[{"href":"https:\/\/conapas.cl\/index.php?rest_route=\/wp\/v2\/types\/page"}],"author":[{"embeddable":true,"href":"https:\/\/conapas.cl\/index.php?rest_route=\/wp\/v2\/users\/1"}],"replies":[{"embeddable":true,"href":"https:\/\/conapas.cl\/index.php?rest_route=%2Fwp%2Fv2%2Fcomments&post=701"}],"version-history":[{"count":22,"href":"https:\/\/conapas.cl\/index.php?rest_route=\/wp\/v2\/pages\/701\/revisions"}],"predecessor-version":[{"id":713,"href":"https:\/\/conapas.cl\/index.php?rest_route=\/wp\/v2\/pages\/701\/revisions\/713"}],"wp:attachment":[{"href":"https:\/\/conapas.cl\/index.php?rest_route=%2Fwp%2Fv2%2Fmedia&parent=701"}],"curies":[{"name":"wp","href":"https:\/\/api.w.org\/{rel}","templated":true}]}}